{"id":160,"date":"2026-05-05T16:11:46","date_gmt":"2026-05-05T16:11:46","guid":{"rendered":"https:\/\/buchwald.philippramsch.de\/?page_id=160"},"modified":"2026-05-05T18:07:01","modified_gmt":"2026-05-05T18:07:01","slug":"foerderung","status":"publish","type":"page","link":"https:\/\/buchwald.philippramsch.de\/foerderung\/","title":{"rendered":"F\u00f6rderung"},"content":{"rendered":"\t\t<div data-elementor-type=\"wp-page\" data-elementor-id=\"160\" class=\"elementor elementor-160\" data-elementor-post-type=\"page\">\n\t\t\t\t<div class=\"elementor-element elementor-element-9674a3b e-flex e-con-boxed e-con e-parent\" data-id=\"9674a3b\" data-element_type=\"container\" data-e-type=\"container\">\n\t\t\t\t\t<div class=\"e-con-inner\">\n\t\t\t\t<div class=\"elementor-element elementor-element-f53dcf7 elementor-widget elementor-widget-heading\" data-id=\"f53dcf7\" data-element_type=\"widget\" data-e-type=\"widget\" data-widget_type=\"heading.default\">\n\t\t\t\t\t<h1 class=\"elementor-heading-title elementor-size-default\">Startgeld Lausitz \u2013 EU-F\u00f6rderung f\u00fcr die Buchwald GaLaBau GmbH in Brandenburg<\/h1>\t\t\t\t<\/div>\n\t\t\t\t<div class=\"elementor-element elementor-element-7bdd482 elementor-widget elementor-widget-text-editor\" data-id=\"7bdd482\" data-element_type=\"widget\" data-e-type=\"widget\" data-widget_type=\"text-editor.default\">\n\t\t\t\t\t\t\t\t\t<p class=\"font-claude-response-body break-words whitespace-normal leading-[1.7]\">Das Projekt der Buchwald GaLaBau GmbH wird im Rahmen der europ\u00e4ischen Strukturf\u00f6rderung unterst\u00fctzt. Die F\u00f6rderung erfolgt durch Mittel des Europ\u00e4ischen Fonds f\u00fcr regionale Entwicklung (EFRE) sowie des Just Transition Fund (JTF) und wird kofinanziert von der Europ\u00e4ischen Union sowie dem Land Brandenburg.<\/p><p class=\"font-claude-response-body break-words whitespace-normal leading-[1.7]\">Die F\u00f6rderung erfolgt im Rahmen des Programms \u201eProduktive Investitionen von KMU (De-minimis) \u2013 Ausbau der Kapazit\u00e4ten einer bestehenden Betriebsst\u00e4tte (Erweiterung)&#8220;.<\/p>\t\t\t\t\t\t\t\t<\/div>\n\t\t<div class=\"elementor-element elementor-element-0804710 e-con-full e-flex e-con e-child\" data-id=\"0804710\" data-element_type=\"container\" data-e-type=\"container\">\n\t\t<div class=\"elementor-element elementor-element-37bc022 e-grid e-con-full e-con e-child\" data-id=\"37bc022\" data-element_type=\"container\" data-e-type=\"container\">\n\t\t<div class=\"elementor-element elementor-element-c265d9d e-con-full e-flex e-con e-child\" data-id=\"c265d9d\" data-element_type=\"container\" data-e-type=\"container\">\n\t\t\t\t<div class=\"elementor-element elementor-element-9f7ddbe elementor-widget elementor-widget-heading\" data-id=\"9f7ddbe\" data-element_type=\"widget\" data-e-type=\"widget\" data-widget_type=\"heading.default\">\n\t\t\t\t\t<h2 class=\"elementor-heading-title elementor-size-default\">Ziel des Projekts<\/h2>\t\t\t\t<\/div>\n\t\t\t\t<div class=\"elementor-element elementor-element-93c7f3d elementor-widget elementor-widget-text-editor\" data-id=\"93c7f3d\" data-element_type=\"widget\" data-e-type=\"widget\" data-widget_type=\"text-editor.default\">\n\t\t\t\t\t\t\t\t\t<p class=\"font-claude-response-body break-words whitespace-normal leading-[1.7]\">Im Rahmen des Vorhabens wird die bestehende Betriebsst\u00e4tte der Buchwald GaLaBau GmbH erweitert und zukunftsf\u00e4hig ausgebaut. Die Zuwendung wird f\u00fcr die Errichtung einer Mehrzweckhalle sowie f\u00fcr die Aufstockung des bestehenden B\u00fcrogeb\u00e4udes verwendet.<\/p><p class=\"font-claude-response-body break-words whitespace-normal leading-[1.7]\">Die neu errichtete Mehrzweckhalle dient k\u00fcnftig:<\/p><ul class=\"[li_&amp;]:mb-0 [li_&amp;]:mt-1 [li_&amp;]:gap-1 [&amp;:not(:last-child)_ul]:pb-1 [&amp;:not(:last-child)_ol]:pb-1 list-disc flex flex-col gap-1 pl-8 mb-3\"><li class=\"whitespace-normal break-words pl-2\">der sicheren und witterungsgesch\u00fctzten Lagerung der Betriebsmittel,<\/li><li class=\"whitespace-normal break-words pl-2\">der Unterstellung der Fahrzeuge und Maschinen des Unternehmens,<\/li><li class=\"whitespace-normal break-words pl-2\">als gesch\u00fctzte Betriebsst\u00e4tte f\u00fcr betriebliche Abl\u00e4ufe und Werkstattarbeiten.<\/li><\/ul><p class=\"font-claude-response-body break-words whitespace-normal leading-[1.7]\">Mit der Aufstockung des B\u00fcrogeb\u00e4udes werden zus\u00e4tzliche Arbeits- und Planungsfl\u00e4chen geschaffen. Dadurch kann das Leistungsspektrum des Unternehmens um den neuen Gesch\u00e4ftsbereich Gartenplanung erweitert werden. Gleichzeitig werden durch die optimierte r\u00e4umliche Struktur nachhaltige Kosteneinsparungen im laufenden Betrieb erm\u00f6glicht.<\/p>\t\t\t\t\t\t\t\t<\/div>\n\t\t\t\t<\/div>\n\t\t<div class=\"elementor-element elementor-element-81f9b52 e-con-full e-flex e-con e-child\" data-id=\"81f9b52\" data-element_type=\"container\" data-e-type=\"container\">\n\t\t\t\t<div class=\"elementor-element elementor-element-739309c elementor-widget elementor-widget-image\" data-id=\"739309c\" data-element_type=\"widget\" data-e-type=\"widget\" data-widget_type=\"image.default\">\n\t\t\t\t\t\t\t\t\t\t\t\t\t\t\t<img fetchpriority=\"high\" decoding=\"async\" width=\"800\" height=\"438\" src=\"https:\/\/buchwald.philippramsch.de\/wp-content\/uploads\/2026\/05\/Plakat.jpg\" class=\"attachment-large size-large wp-image-244\" alt=\"\" srcset=\"https:\/\/buchwald.philippramsch.de\/wp-content\/uploads\/2026\/05\/Plakat.jpg 1000w, https:\/\/buchwald.philippramsch.de\/wp-content\/uploads\/2026\/05\/Plakat-300x164.jpg 300w, https:\/\/buchwald.philippramsch.de\/wp-content\/uploads\/2026\/05\/Plakat-768x421.jpg 768w\" sizes=\"(max-width: 800px) 100vw, 800px\" \/>\t\t\t\t\t\t\t\t\t\t\t\t\t\t\t<\/div>\n\t\t\t\t<div class=\"elementor-element elementor-element-5359dd7 elementor-widget elementor-widget-shortcode\" data-id=\"5359dd7\" data-element_type=\"widget\" data-e-type=\"widget\" data-widget_type=\"shortcode.default\">\n\t\t\t\t\t\t\t<div class=\"elementor-shortcode\"><div class=\"wpfd-content wpfd-content-default wpfd-content-multi\" data-category=\"13\"             style=\"background-color: rgba(255, 255, 255, 0)\"><input type=\"hidden\" id=\"current_category_13\" value=\"13\" \/>                    <input type=\"hidden\" id=\"current_category_slug_13\" value=\"foerderung\" \/>                    <input type=\"hidden\" id=\"current_ordering_13\" value=\"title\" \/>                    <input type=\"hidden\" id=\"current_ordering_direction_13\" value=\"desc\" \/>                    <input type=\"hidden\" id=\"page_limit_13\" value=\"100\" \/><input type=\"hidden\" id=\"wpfd_display_empty_category_message\" value=\"0\" \/><input type=\"hidden\" id=\"wpfd_empty_category_message_val\" value=\"Diese Dateikategorie hat keine Dateien zum Anzeigen\" \/><input type=\"hidden\" id=\"wpfd_display_empty_folder\" value=\"0\" \/><input type=\"hidden\" id=\"wpfd_is_empty_subcategories\" value=\"1\" \/><input type=\"hidden\" id=\"wpfd_is_empty_files\" value=\"1\" \/><input type=\"hidden\" id=\"wpfd_root_category_id\" class=\"wpfd_root_category_id\" value=\"13\" \/><input type=\"hidden\" id=\"wpfd_root_category_theme\" class=\"wpfd_root_category_theme\" value=\"default\" \/><input type=\"hidden\" id=\"wpfd_root_category_clone_theme_type\" class=\"wpfd_root_category_clone_theme_type\" value=\"none\" \/><input type=\"hidden\" id=\"wpfd_root_category_type\" class=\"wpfd_root_category_type\" value=\"13\" \/>    <script type=\"text\/x-handlebars-template\" class=\"wpfd-template-files\">        {{#if files }}        <div class=\"wpfd_list\">            {{#each files}}            <div class=\"file {{ext}}\" style=\"margin : 10px 10px 10px 10px;\" data-id=\"{{ID}}\" data-catid=\"{{catid}}\">                <input type=\"hidden\" class=\"wpfd_file_preview_link_download\" value=\"{{linkdownload}}\" data-filetitle=\"{{post_title}}\" data-fileicons=\"ext ext-{{ext}} wpfd-icon-set-svg\" \/>                <div class=\"filecontent\">                    {{#if file_custom_icon}}                    <div class=\"icon-custom\"><img decoding=\"async\" src=\"{{file_custom_icon}}\" \/><\/div>                    {{else}}                    <div class=\"ext ext-{{ext}} wpfd-icon-set-svg\"><span class=\"txt\">{{ext}}<\/span><\/div>                    {{\/if}}<h3><a href=\"{{linkdownload}}\"   class=\"wpfd_downloadlink\" title=\"{{post_title}}\" target=\"{{#if remote_file}}_blank{{\/if}}\">{{{crop_title}}}<\/a><\/h3>                    <div class=\"file-xinfo\">                        <div class=\"file-size\"><span>Gr\u00f6\u00dfe:<\/span> {{bytesToSize size}}<\/div><div class=\"file-hits\"><span>Aufrufe:<\/span> {{hits}}<\/div><div class=\"file-dated\"><span>Datum modifiziert:<\/span> {{modified}}<\/div>                    <\/div>                <\/div>                <span class=\"file-right\">                    <a class=\"downloadlink wpfd_downloadlink\"  href=\"{{linkdownload}}\"  style=\"background-color:#18750c;color:#ffffff;\" target=\"{{#if remote_file}}_blank{{\/if}}\">Herunterladen<i class=\"zmdi zmdi-cloud-download wpfd-download\"><\/i><\/a>{{#if openpdflink}}<a class=\"openlink wpfdlightbox wpfd_previewlink\" href=\"{{openpdflink}}\"  target=\"\">Vorschau                            <i class=\"zmdi zmdi-filter-center-focus wpfd-preview\"><\/i>                        <\/a>{{else}}{{#if viewerlink}}<a                            href=\"{{viewerlink}}\"                                                        class=\"openlink wpfdlightbox wpfd_previewlink\"                            target=\"\"                            data-id=\"{{ID}}\"                            data-catid=\"{{catid}}\"                            data-file-type=\"{{ext}}\">Vorschau<i class=\"zmdi zmdi-filter-center-focus wpfd-preview\"><\/i>                        <\/a>{{\/if}}{{\/if}}                <\/span>            <\/div>            {{\/each}}            <div class=\"file flex_span\" style=\"margin : 10px 10px 10px 10px;\"><\/div>        <\/div>        {{\/if}}    <\/script>    <div class=\"wpfd-container\">                <div class=\"wpfd-open-tree\"><\/div>        <div class=\"wpfd-container-default \">            <div class=\"wpfd-categories hide\"><div class=\"wpfd-category-desc\"><\/div><\/div>                            <div class=\"wpfd_list\">                                                                        <div class=\"file pdf\" style=\"margin : 10px 10px 10px 10px;\"                                 data-id=\"250\"                                 data-catid=\"13\">                                                                <input type=\"hidden\" class=\"wpfd_file_preview_link_download\" value=\"https:\/\/buchwald.philippramsch.de\/download\/13\/foerderung\/250\/plakat.pdf\"                                       data-filetitle=\"Plakat\" data-fileicons=\"ext ext-pdf wpfd-icon-set-svg\" \/>                                <div class=\"filecontent\">                                    <div class=\"ext ext-pdf wpfd-icon-set-svg\"><span class=\"txt\">pdf<\/span><\/div><h3><a href=\"https:\/\/buchwald.philippramsch.de\/download\/13\/foerderung\/250\/plakat.pdf\"   class=\"wpfd_downloadlink\" title=\"Plakat\" target=\"\">Plakat<\/a><\/h3>                                    <div class=\"file-xinfo\">                                        <div class=\"file-size\"><span>Gr\u00f6\u00dfe:<\/span> 209.60 KB<\/div><div class=\"file-hits\"><span>Aufrufe:<\/span> 2<\/div><div class=\"file-dated\"><span>Datum modifiziert:<\/span> 05-05-2026<\/div>                                    <\/div>                                <\/div>                                <div class=\"file-right\">                                    <a class=\"downloadlink wpfd_downloadlink\"  href=\"https:\/\/buchwald.philippramsch.de\/download\/13\/foerderung\/250\/plakat.pdf\"  style=\"background-color:#18750c;color:#ffffff;\" target=\"\">Herunterladen<i class=\"zmdi zmdi-cloud-download wpfd-download\"><\/i><\/a><a                            href=\"https:\/\/docs.google.com\/viewer?url=https%3A%2F%2Fbuchwald.philippramsch.de%2Fwp-admin%2Fadmin-ajax.php%3Fjuwpfisadmin%3Dfalse%26action%3Dwpfd%26task%3Dfile.download%26wpfd_category_id%3D13%26wpfd_file_id%3D250%26token%3D%26preview%3D1&#038;embedded=true\"                                                        class=\"openlink wpfdlightbox wpfd_previewlink\"                            target=\"\"                            data-id=\"250\"                            data-catid=\"13\"                            data-file-type=\"pdf\">Vorschau<i class=\"zmdi zmdi-filter-center-focus wpfd-preview\"><\/i>                        <\/a>                                <\/div>                            <\/div>                                                                <div class=\"file flex_span\" style=\"margin : 10px 10px 10px 10px;\"><\/div>                <\/div>                                <\/div>    <\/div><\/div><\/div>\n\t\t\t\t\t\t<\/div>\n\t\t\t\t<\/div>\n\t\t\t\t<\/div>\n\t\t\t\t<\/div>\n\t\t<div class=\"elementor-element elementor-element-0fdf285 e-con-full e-flex e-con e-child\" data-id=\"0fdf285\" data-element_type=\"container\" data-e-type=\"container\">\n\t\t<div class=\"elementor-element elementor-element-7631bdc e-grid e-con-full e-con e-child\" data-id=\"7631bdc\" data-element_type=\"container\" data-e-type=\"container\">\n\t\t<div class=\"elementor-element elementor-element-d2e013f e-con-full e-flex e-con e-child\" data-id=\"d2e013f\" data-element_type=\"container\" data-e-type=\"container\">\n\t\t\t\t<div class=\"elementor-element elementor-element-99f1037 elementor-widget elementor-widget-heading\" data-id=\"99f1037\" data-element_type=\"widget\" data-e-type=\"widget\" data-widget_type=\"heading.default\">\n\t\t\t\t\t<h2 class=\"elementor-heading-title elementor-size-default\">Nutzen f\u00fcr das Unternehmen und die Region<\/h2>\t\t\t\t<\/div>\n\t\t\t\t<div class=\"elementor-element elementor-element-5d4171d elementor-widget elementor-widget-text-editor\" data-id=\"5d4171d\" data-element_type=\"widget\" data-e-type=\"widget\" data-widget_type=\"text-editor.default\">\n\t\t\t\t\t\t\t\t\t<p class=\"font-claude-response-body break-words whitespace-normal leading-[1.7]\">Durch die Investition werden die Wettbewerbsf\u00e4higkeit und die Leistungsf\u00e4higkeit des Unternehmens nachhaltig gest\u00e4rkt. Die Erweiterung der Kapazit\u00e4ten erm\u00f6glicht eine effizientere Auftragsabwicklung, eine bessere Materialbevorratung sowie k\u00fcrzere Reaktionszeiten gegen\u00fcber Kundinnen und Kunden.<\/p><p class=\"font-claude-response-body break-words whitespace-normal leading-[1.7]\">Mit dem neuen Gesch\u00e4ftsbereich Gartenplanung baut die Buchwald GaLaBau GmbH ihr Angebot strategisch aus und schafft zus\u00e4tzliche Wertsch\u00f6pfung am Unternehmensstandort. Das Vorhaben leistet damit einen Beitrag zur wirtschaftlichen Stabilit\u00e4t, zur Sicherung von Arbeitspl\u00e4tzen und zur Weiterentwicklung des Standorts in der Lausitz.<\/p>\t\t\t\t\t\t\t\t<\/div>\n\t\t\t\t<\/div>\n\t\t<div class=\"elementor-element elementor-element-1a951a9 e-con-full e-flex e-con e-child\" data-id=\"1a951a9\" data-element_type=\"container\" data-e-type=\"container\">\n\t\t\t\t<div class=\"elementor-element elementor-element-907699e elementor-widget elementor-widget-heading\" data-id=\"907699e\" data-element_type=\"widget\" data-e-type=\"widget\" data-widget_type=\"heading.default\">\n\t\t\t\t\t<h2 class=\"elementor-heading-title elementor-size-default\">F\u00f6rderung durch EFRE und JTF in Brandenburg<\/h2>\t\t\t\t<\/div>\n\t\t\t\t<div class=\"elementor-element elementor-element-a101a2f elementor-widget elementor-widget-text-editor\" data-id=\"a101a2f\" data-element_type=\"widget\" data-e-type=\"widget\" data-widget_type=\"text-editor.default\">\n\t\t\t\t\t\t\t\t\t<p class=\"font-claude-response-body break-words whitespace-normal leading-[1.7]\">Die F\u00f6rderung erfolgt im Rahmen der Strukturpolitik der Europ\u00e4ischen Union zur St\u00e4rkung regionaler Wettbewerbsf\u00e4higkeit und zur Unterst\u00fctzung des wirtschaftlichen Wandels in Transformationsregionen wie der Lausitz.<\/p><p class=\"font-claude-response-body break-words whitespace-normal leading-[1.7]\">Mit dem EFRE (Europ\u00e4ischer Fonds f\u00fcr regionale Entwicklung) werden Investitionen in Wachstum und Besch\u00e4ftigung unterst\u00fctzt. Der JTF (Just Transition Fund) begleitet Regionen im Strukturwandel und f\u00f6rdert nachhaltige wirtschaftliche Perspektiven.<\/p><p class=\"font-claude-response-body break-words whitespace-normal leading-[1.7]\">Weitere Informationen zu den F\u00f6rderprogrammen sind unter folgenden offiziellen Seiten verf\u00fcgbar:<\/p><ul class=\"[li_&amp;]:mb-0 [li_&amp;]:mt-1 [li_&amp;]:gap-1 [&amp;:not(:last-child)_ul]:pb-1 [&amp;:not(:last-child)_ol]:pb-1 list-disc flex flex-col gap-1 pl-8 mb-3\"><li class=\"whitespace-normal break-words pl-2\"><a class=\"underline underline underline-offset-2 decoration-1 decoration-current\/40 hover:decoration-current focus:decoration-current\" href=\"http:\/\/efre.brandenburg.de\">efre.brandenburg.de<\/a><\/li><li class=\"whitespace-normal break-words pl-2\"><a class=\"underline underline underline-offset-2 decoration-1 decoration-current\/40 hover:decoration-current focus:decoration-current\" href=\"http:\/\/jtf.brandenburg.de\">jtf.brandenburg.de<\/a><\/li><\/ul>\t\t\t\t\t\t\t\t<\/div>\n\t\t\t\t<\/div>\n\t\t\t\t<\/div>\n\t\t\t\t<\/div>\n\t\t\t\t<div class=\"elementor-element elementor-element-0f88a43 elementor-widget elementor-widget-heading\" data-id=\"0f88a43\" data-element_type=\"widget\" data-e-type=\"widget\" data-widget_type=\"heading.default\">\n\t\t\t\t\t<h2 class=\"elementor-heading-title elementor-size-default\">Transparenzhinweis<\/h2>\t\t\t\t<\/div>\n\t\t\t\t<div class=\"elementor-element elementor-element-90a715e elementor-widget elementor-widget-text-editor\" data-id=\"90a715e\" data-element_type=\"widget\" data-e-type=\"widget\" data-widget_type=\"text-editor.default\">\n\t\t\t\t\t\t\t\t\t<p>Dieses Projekt wird aus Mitteln des Europ\u00e4ischen Fonds f\u00fcr regionale Entwicklung (EFRE) und des Just Transition Fund (JTF) gef\u00f6rdert und durch das Land Brandenburg kofinanziert.<\/p>\t\t\t\t\t\t\t\t<\/div>\n\t\t\t\t\t<\/div>\n\t\t\t\t<\/div>\n\t\t\t\t<\/div>\n\t\t","protected":false},"excerpt":{"rendered":"<p>Startgeld Lausitz \u2013 EU-F\u00f6rderung f\u00fcr die Buchwald GaLaBau GmbH in Brandenburg Das Projekt der Buchwald GaLaBau GmbH wird im Rahmen der europ\u00e4ischen Strukturf\u00f6rderung unterst\u00fctzt. Die F\u00f6rderung erfolgt durch Mittel des Europ\u00e4ischen Fonds f\u00fcr regionale Entwicklung (EFRE) sowie des Just Transition Fund (JTF) und wird kofinanziert von der Europ\u00e4ischen Union sowie dem Land Brandenburg. Die F\u00f6rderung [&hellip;]<\/p>\n","protected":false},"author":1,"featured_media":0,"parent":0,"menu_order":0,"comment_status":"closed","ping_status":"closed","template":"","meta":{"footnotes":""},"class_list":["post-160","page","type-page","status-publish","hentry"],"_links":{"self":[{"href":"https:\/\/buchwald.philippramsch.de\/wp-json\/wp\/v2\/pages\/160","targetHints":{"allow":["GET"]}}],"collection":[{"href":"https:\/\/buchwald.philippramsch.de\/wp-json\/wp\/v2\/pages"}],"about":[{"href":"https:\/\/buchwald.philippramsch.de\/wp-json\/wp\/v2\/types\/page"}],"author":[{"embeddable":true,"href":"https:\/\/buchwald.philippramsch.de\/wp-json\/wp\/v2\/users\/1"}],"replies":[{"embeddable":true,"href":"https:\/\/buchwald.philippramsch.de\/wp-json\/wp\/v2\/comments?post=160"}],"version-history":[{"count":25,"href":"https:\/\/buchwald.philippramsch.de\/wp-json\/wp\/v2\/pages\/160\/revisions"}],"predecessor-version":[{"id":262,"href":"https:\/\/buchwald.philippramsch.de\/wp-json\/wp\/v2\/pages\/160\/revisions\/262"}],"wp:attachment":[{"href":"https:\/\/buchwald.philippramsch.de\/wp-json\/wp\/v2\/media?parent=160"}],"curies":[{"name":"wp","href":"https:\/\/api.w.org\/{rel}","templated":true}]}}