{"id":128,"date":"2026-05-05T14:02:36","date_gmt":"2026-05-05T14:02:36","guid":{"rendered":"https:\/\/buchwald.philippramsch.de\/?page_id=128"},"modified":"2026-05-05T16:22:49","modified_gmt":"2026-05-05T16:22:49","slug":"impressum","status":"publish","type":"page","link":"https:\/\/buchwald.philippramsch.de\/impressum\/","title":{"rendered":"Impressum"},"content":{"rendered":"\t\t<div data-elementor-type=\"wp-page\" data-elementor-id=\"128\" class=\"elementor elementor-128\" data-elementor-post-type=\"page\">\n\t\t\t\t<div class=\"elementor-element elementor-element-e29a4ab e-flex e-con-boxed e-con e-parent\" data-id=\"e29a4ab\" data-element_type=\"container\" data-e-type=\"container\">\n\t\t\t\t\t<div class=\"e-con-inner\">\n\t\t\t\t<div class=\"elementor-element elementor-element-b7b67fd elementor-widget elementor-widget-text-editor\" data-id=\"b7b67fd\" data-element_type=\"widget\" data-e-type=\"widget\" data-widget_type=\"text-editor.default\">\n\t\t\t\t\t\t\t\t\t<section class=\"legal-imprint\" aria-labelledby=\"imprint-title\" lang=\"de\">\n  <h2 id=\"imprint-title\" class=\"legal-imprint__title\">Impressum<\/h2>\n\n  <h3 class=\"legal-imprint__heading\">Angaben gem\u00e4\u00df \u00a7 5 TMG<\/h3>\n  <address class=\"legal-imprint__address\">\n    <strong>Buchwald Garten- und Landschaftsbau GmbH<\/strong><br>\n    Ernst-Barlach-Stra\u00dfe 55<br>\n    03046 Cottbus<br>\n    Deutschland\n  <\/address>\n\n  <h3 class=\"legal-imprint__heading\">Vertretungsberechtigter Gesch\u00e4ftsf\u00fchrer<\/h3>\n  <p class=\"legal-imprint__text\">Ernst Buchwald<\/p>\n\n  <h3 class=\"legal-imprint__heading\">Kontakt<\/h3>\n  <ul class=\"legal-imprint__contact\">\n    <li>Telefon: <a href=\"tel:+49355700555\">0355 700555<\/a><\/li>\n    <li>Telefax: <a href=\"tel:+4935523888\">03552 3888<\/a><\/li>\n    <li>E-Mail: <a href=\"mailto:info@gartenbau-buchwald.de\">info@gartenbau-buchwald.de<\/a><\/li>\n  <\/ul>\n\n  <h3 class=\"legal-imprint__heading\">Registereintrag<\/h3>\n  <p class=\"legal-imprint__text\">\n    Eintragung im Handelsregister.<br>\n    Registergericht: Amtsgericht Cottbus<br>\n    Registernummer: HRB 5187\n  <\/p>\n\n  <h3 class=\"legal-imprint__heading\">Verantwortlich f\u00fcr den Inhalt nach \u00a7 18 Abs. 2 MStV<\/h3>\n  <p class=\"legal-imprint__text\">\n    Ernst Buchwald<br>\n    Buchwald Garten- und Landschaftsbau GmbH<br>\n    Ernst-Barlach-Stra\u00dfe 55<br>\n    03046 Cottbus\n  <\/p>\n\n  <h3 class=\"legal-imprint__heading\">Verbraucherstreitbeilegung \/ Universalschlichtungsstelle<\/h3>\n  <p class=\"legal-imprint__text\">\n    Wir sind nicht bereit oder verpflichtet, an Streitbeilegungsverfahren vor einer\n    Verbraucherschlichtungsstelle teilzunehmen.\n  <\/p>\n\n  <h2 class=\"legal-imprint__title\">Haftungsausschluss<\/h2>\n\n  <h3 class=\"legal-imprint__heading\">Haftung f\u00fcr Inhalte<\/h3>\n  <p class=\"legal-imprint__text\">\n    Die Inhalte unserer Seiten wurden mit gr\u00f6\u00dfter Sorgfalt erstellt. F\u00fcr die\n    Richtigkeit, Vollst\u00e4ndigkeit und Aktualit\u00e4t der Inhalte k\u00f6nnen wir jedoch keine\n    Gew\u00e4hr \u00fcbernehmen. Als Diensteanbieter sind wir gem\u00e4\u00df \u00a7 7 Abs. 1 TMG f\u00fcr eigene\n    Inhalte auf diesen Seiten nach den allgemeinen Gesetzen verantwortlich. Nach\n    \u00a7\u00a7 8 bis 10 TMG sind wir als Diensteanbieter jedoch nicht verpflichtet, \u00fcbermittelte\n    oder gespeicherte fremde Informationen zu \u00fcberwachen oder nach Umst\u00e4nden zu\n    forschen, die auf eine rechtswidrige T\u00e4tigkeit hinweisen. Verpflichtungen zur\n    Entfernung oder Sperrung der Nutzung von Informationen nach den allgemeinen\n    Gesetzen bleiben hiervon unber\u00fchrt. Eine diesbez\u00fcgliche Haftung ist jedoch erst\n    ab dem Zeitpunkt der Kenntnis einer konkreten Rechtsverletzung m\u00f6glich. Bei\n    Bekanntwerden von entsprechenden Rechtsverletzungen werden wir diese Inhalte\n    umgehend entfernen.\n  <\/p>\n\n  <h3 class=\"legal-imprint__heading\">Haftung f\u00fcr Links<\/h3>\n  <p class=\"legal-imprint__text\">\n    Unser Angebot enth\u00e4lt Links zu externen Webseiten Dritter, auf deren Inhalte wir\n    keinen Einfluss haben. Deshalb k\u00f6nnen wir f\u00fcr diese fremden Inhalte auch keine\n    Gew\u00e4hr \u00fcbernehmen. F\u00fcr die Inhalte der verlinkten Seiten ist stets der jeweilige\n    Anbieter oder Betreiber der Seiten verantwortlich. Die verlinkten Seiten wurden\n    zum Zeitpunkt der Verlinkung auf m\u00f6gliche Rechtsverst\u00f6\u00dfe \u00fcberpr\u00fcft. Rechtswidrige\n    Inhalte waren zum Zeitpunkt der Verlinkung nicht erkennbar. Eine permanente\n    inhaltliche Kontrolle der verlinkten Seiten ist jedoch ohne konkrete Anhaltspunkte\n    einer Rechtsverletzung nicht zumutbar. Bei Bekanntwerden von Rechtsverletzungen\n    werden wir derartige Links umgehend entfernen.\n  <\/p>\n\n  <h3 class=\"legal-imprint__heading\">Urheberrecht<\/h3>\n  <p class=\"legal-imprint__text\">\n    Die durch die Seitenbetreiber erstellten Inhalte und Werke auf diesen Seiten\n    unterliegen dem deutschen Urheberrecht. Die Vervielf\u00e4ltigung, Bearbeitung,\n    Verbreitung und jede Art der Verwertung au\u00dferhalb der Grenzen des Urheberrechtes\n    bed\u00fcrfen der schriftlichen Zustimmung des jeweiligen Autors bzw. Erstellers.\n    Downloads und Kopien dieser Seite sind nur f\u00fcr den privaten, nicht kommerziellen\n    Gebrauch gestattet. Soweit die Inhalte auf dieser Seite nicht vom Betreiber\n    erstellt wurden, werden die Urheberrechte Dritter beachtet. Insbesondere werden\n    Inhalte Dritter als solche gekennzeichnet. Sollten Sie trotzdem auf eine\n    Urheberrechtsverletzung aufmerksam werden, bitten wir um einen entsprechenden\n    Hinweis. Bei Bekanntwerden von Rechtsverletzungen werden wir derartige Inhalte\n    umgehend entfernen.\n  <\/p>\n\n  <h3 class=\"legal-imprint__heading\">Datenschutz<\/h3>\n  <p class=\"legal-imprint__text\">\n    Die Nutzung unserer Webseite ist in der Regel ohne Angabe personenbezogener Daten\n    m\u00f6glich. Soweit auf unseren Seiten personenbezogene Daten (beispielsweise Name,\n    Anschrift oder E-Mail-Adressen) erhoben werden, erfolgt dies, soweit m\u00f6glich,\n    stets auf freiwilliger Basis. Diese Daten werden ohne Ihre ausdr\u00fcckliche\n    Zustimmung nicht an Dritte weitergegeben. Wir weisen darauf hin, dass die\n    Daten\u00fcbertragung im Internet (z. B. bei der Kommunikation per E-Mail)\n    Sicherheitsl\u00fccken aufweisen kann. Ein l\u00fcckenloser Schutz der Daten vor dem\n    Zugriff durch Dritte ist nicht m\u00f6glich. Der Nutzung von im Rahmen der\n    Impressumspflicht ver\u00f6ffentlichten Kontaktdaten durch Dritte zur \u00dcbersendung von\n    nicht ausdr\u00fccklich angeforderter Werbung und Informationsmaterialien wird hiermit\n    ausdr\u00fccklich widersprochen. Die Betreiber der Seiten behalten sich ausdr\u00fccklich\n    rechtliche Schritte im Falle der unverlangten Zusendung von Werbeinformationen,\n    etwa durch Spam-Mails, vor.\n  <\/p>\n\n  <p class=\"legal-imprint__meta\"><em>Stand: Mai 2026<\/em><\/p>\n<\/section>\t\t\t\t\t\t\t\t<\/div>\n\t\t\t\t\t<\/div>\n\t\t\t\t<\/div>\n\t\t\t\t<\/div>\n\t\t","protected":false},"excerpt":{"rendered":"<p>Impressum Angaben gem\u00e4\u00df \u00a7 5 TMG Buchwald Garten- und Landschaftsbau GmbH Ernst-Barlach-Stra\u00dfe 55 03046 Cottbus Deutschland Vertretungsberechtigter Gesch\u00e4ftsf\u00fchrer Ernst Buchwald Kontakt Telefon: 0355 700555 Telefax: 03552 3888 E-Mail: info@gartenbau-buchwald.de Registereintrag Eintragung im Handelsregister. Registergericht: Amtsgericht Cottbus Registernummer: HRB 5187 Verantwortlich f\u00fcr den Inhalt nach \u00a7 18 Abs. 2 MStV Ernst Buchwald Buchwald Garten- und Landschaftsbau [&hellip;]<\/p>\n","protected":false},"author":1,"featured_media":0,"parent":0,"menu_order":0,"comment_status":"closed","ping_status":"closed","template":"","meta":{"footnotes":""},"class_list":["post-128","page","type-page","status-publish","hentry"],"_links":{"self":[{"href":"https:\/\/buchwald.philippramsch.de\/wp-json\/wp\/v2\/pages\/128","targetHints":{"allow":["GET"]}}],"collection":[{"href":"https:\/\/buchwald.philippramsch.de\/wp-json\/wp\/v2\/pages"}],"about":[{"href":"https:\/\/buchwald.philippramsch.de\/wp-json\/wp\/v2\/types\/page"}],"author":[{"embeddable":true,"href":"https:\/\/buchwald.philippramsch.de\/wp-json\/wp\/v2\/users\/1"}],"replies":[{"embeddable":true,"href":"https:\/\/buchwald.philippramsch.de\/wp-json\/wp\/v2\/comments?post=128"}],"version-history":[{"count":10,"href":"https:\/\/buchwald.philippramsch.de\/wp-json\/wp\/v2\/pages\/128\/revisions"}],"predecessor-version":[{"id":194,"href":"https:\/\/buchwald.philippramsch.de\/wp-json\/wp\/v2\/pages\/128\/revisions\/194"}],"wp:attachment":[{"href":"https:\/\/buchwald.philippramsch.de\/wp-json\/wp\/v2\/media?parent=128"}],"curies":[{"name":"wp","href":"https:\/\/api.w.org\/{rel}","templated":true}]}}